{"id":2368,"date":"2025-05-06T09:56:06","date_gmt":"2025-05-06T07:56:06","guid":{"rendered":"https:\/\/szokepnyomda.hu\/?page_id=2368"},"modified":"2025-05-06T11:02:45","modified_gmt":"2025-05-06T09:02:45","slug":"palyazatok","status":"publish","type":"page","link":"https:\/\/szokepnyomda.hu\/en\/palyazatok\/","title":{"rendered":"Tenders"},"content":{"rendered":"<section class=\"wpb-content-wrapper\"><div class=\"vc_row wpb_row vc_row-fluid\"><div class=\"wpb_column vc_column_container vc_col-sm-12 sc_layouts_column_icons_position_left\"><div class=\"vc_column-inner\"><div class=\"wpb_wrapper\"><div class=\"vc_empty_space\"   style=\"height: 4.3em\"><span class=\"vc_empty_space_inner\"><\/span><\/div>\n\t<div  class=\"wpb_single_image wpb_content_element vc_align_left\">\n\t\t\n\t\t<figure class=\"wpb_wrapper vc_figure\">\n\t\t\t<div class=\"vc_single_image-wrapper   vc_box_border_grey\"><img decoding=\"async\" width=\"500\" height=\"150\" src=\"https:\/\/szokepnyomda.hu\/wp-content\/uploads\/2025\/05\/szechenyi-1.jpg\" class=\"vc_single_image-img attachment-full\" alt=\"Sz\u00f3-k\u00e9p Nyomdaipari Kft.\" title=\"szechenyi\" srcset=\"https:\/\/szokepnyomda.hu\/wp-content\/uploads\/2025\/05\/szechenyi-1.jpg 500w, https:\/\/szokepnyomda.hu\/wp-content\/uploads\/2025\/05\/szechenyi-1-300x90.jpg 300w, https:\/\/szokepnyomda.hu\/wp-content\/uploads\/2025\/05\/szechenyi-1-18x5.jpg 18w, https:\/\/szokepnyomda.hu\/wp-content\/uploads\/2025\/05\/szechenyi-1-370x111.jpg 370w, https:\/\/szokepnyomda.hu\/wp-content\/uploads\/2025\/05\/szechenyi-1-20x6.jpg 20w\" sizes=\"(max-width: 500px) 100vw, 500px\" \/><\/div>\n\t\t<\/figure>\n\t<\/div>\n<div class=\"vc_empty_space\"   style=\"height: 2em\"><span class=\"vc_empty_space_inner\"><\/span><\/div>\n\t<div class=\"wpb_text_column wpb_content_element\" >\n\t\t<div class=\"wpb_wrapper\">\n\t\t\t<h3>Az Eur\u00f3pai Uni\u00f3 \u00e9s a Magyar \u00c1llam \u00e1ltal finansz\u00edrozott p\u00e1ly\u00e1zati projekt keret\u00e9ben a k\u00f6vetkez\u0151 beruh\u00e1z\u00e1s val\u00f3sul meg:<\/h3>\n<ul>\n<li>Szervezet innov\u00e1ci\u00f3 (adminisztrat\u00edv \u00e9s menedzsment fejleszt\u00e9s)<\/li>\n<li>Szervezeti innov\u00e1ci\u00f3s (adminisztrat\u00edv \u00e9s menedzsment fejleszt\u00e9s) tan\u00e1csad\u00e1s<\/li>\n<li>Termel\u00e9si \u00e9s\/vagy gy\u00e1rt\u00e1si folyamat innov\u00e1ci\u00f3<\/li>\n<li>Termel\u00e9si \u00e9s\/vagy gy\u00e1rt\u00e1si folyamat innov\u00e1ci\u00f3hoz kapcsol\u00f3d\u00f3 tan\u00e1csad\u00e1s<\/li>\n<li>Eszk\u00f6zbeszerz\u00e9s<\/li>\n<\/ul>\n<p><strong>Kedvezm\u00e9nyezett neve:<\/strong> SZ\u00d3-K\u00c9P Kft.<br \/>\n<strong>A projekt \u00f6sszk\u00f6lts\u00e9ge:<\/strong> 71 428 443 Ft<br \/>\n<strong>A t\u00e1mogat\u00e1s m\u00e9rt\u00e9ke:<\/strong> 70 %<br \/>\n<strong>A t\u00e1mogat\u00e1s \u00f6sszege:<\/strong> 49 999 910 Ft<br \/>\n<strong>A projekt tervezett befejez\u00e9si id\u0151pontja:<\/strong> 2026.07.31.<br \/>\nA p\u00e1ly\u00e1zatot a Prospera P\u00e1ly\u00e1zati Tan\u00e1csad\u00f3 Kft. k\u00e9sz\u00edtette.<\/p>\n<p><a href=\"https:\/\/szokepnyomda.hu\/en\/korabbi-palyazatok\/\">Kor\u00e1bbi p\u00e1ly\u00e1zatok<\/a><\/p>\n\n\t\t<\/div>\n\t<\/div>\n<div class=\"vc_empty_space\"   style=\"height: 6em\"><span class=\"vc_empty_space_inner\"><\/span><\/div><\/div><\/div><\/div><\/div>\n<\/section>","protected":false},"excerpt":{"rendered":"Az Eur\u00f3pai Uni\u00f3 \u00e9s a Magyar \u00c1llam \u00e1ltal finansz\u00edrozott p\u00e1ly\u00e1zati projekt keret\u00e9ben a k\u00f6vetkez\u0151 beruh\u00e1z\u00e1s val\u00f3sul meg: Szervezet innov\u00e1ci\u00f3 (adminisztrat\u00edv \u00e9s menedzsment fejleszt\u00e9s) Szervezeti innov\u00e1ci\u00f3s (adminisztrat\u00edv \u00e9s menedzsment fejleszt\u00e9s) tan\u00e1csad\u00e1s Termel\u00e9si \u00e9s\/vagy gy\u00e1rt\u00e1si folyamat innov\u00e1ci\u00f3 Termel\u00e9si \u00e9s\/vagy gy\u00e1rt\u00e1si folyamat innov\u00e1ci\u00f3hoz kapcsol\u00f3d\u00f3 tan\u00e1csad\u00e1s Eszk\u00f6zbeszerz\u00e9s Kedvezm\u00e9nyezett neve: SZ\u00d3-K\u00c9P Kft. A projekt \u00f6sszk\u00f6lts\u00e9ge: 71 428 443 Ft A t\u00e1mogat\u00e1s m\u00e9rt\u00e9ke: 70 % A&hellip;","protected":false},"author":1,"featured_media":0,"parent":0,"menu_order":0,"comment_status":"closed","ping_status":"closed","template":"","meta":{"footnotes":""},"class_list":["post-2368","page","type-page","status-publish","hentry"],"yoast_head":"<!-- This site is optimized with the Yoast SEO plugin v20.10 - https:\/\/yoast.com\/wordpress\/plugins\/seo\/ -->\n<title>P\u00e1ly\u00e1zatok - Sz\u00f3k\u00e9p Nyomda<\/title>\n<meta name=\"description\" content=\"A Sz\u00f3-K\u00e9p Nyomdaipari Kft. 51,4 milli\u00f3 forint uni\u00f3s t\u00e1mogat\u00e1s nyert el a Komplex v\u00e1llalati technol\u00f3gia fejleszt\u00e9se p\u00e1ly\u00e1zati ki\u00edr\u00e1son az \u00daj Sz\u00e9chenyi Terv keret\u00e9ben. A 261,4 milli\u00f3 forint \u00f6sszk\u00f6lts\u00e9gvet\u00e9s\u0171 beruh\u00e1z\u00e1sb\u00f3l eszk\u00f6zbeszerz\u00e9s val\u00f3sult meg.\" \/>\n<meta name=\"robots\" content=\"index, follow, max-snippet:-1, max-image-preview:large, max-video-preview:-1\" \/>\n<link rel=\"canonical\" href=\"https:\/\/szokepnyomda.hu\/en\/palyazatok\/\" \/>\n<meta property=\"og:locale\" content=\"en_GB\" \/>\n<meta property=\"og:type\" content=\"article\" \/>\n<meta property=\"og:title\" content=\"P\u00e1ly\u00e1zatok - Sz\u00f3k\u00e9p Nyomda\" \/>\n<meta property=\"og:description\" content=\"A Sz\u00f3-K\u00e9p Nyomdaipari Kft. 51,4 milli\u00f3 forint uni\u00f3s t\u00e1mogat\u00e1s nyert el a Komplex v\u00e1llalati technol\u00f3gia fejleszt\u00e9se p\u00e1ly\u00e1zati ki\u00edr\u00e1son az \u00daj Sz\u00e9chenyi Terv keret\u00e9ben. A 261,4 milli\u00f3 forint \u00f6sszk\u00f6lts\u00e9gvet\u00e9s\u0171 beruh\u00e1z\u00e1sb\u00f3l eszk\u00f6zbeszerz\u00e9s val\u00f3sult meg.\" \/>\n<meta property=\"og:url\" content=\"https:\/\/szokepnyomda.hu\/en\/palyazatok\/\" \/>\n<meta property=\"og:site_name\" content=\"Sz\u00f3k\u00e9p Nyomda\" \/>\n<meta property=\"article:modified_time\" content=\"2025-05-06T09:02:45+00:00\" \/>\n<meta name=\"twitter:card\" content=\"summary_large_image\" \/>\n<meta name=\"twitter:label1\" content=\"Estimated reading time\" \/>\n\t<meta name=\"twitter:data1\" content=\"1 minute\" \/>\n<script type=\"application\/ld+json\" class=\"yoast-schema-graph\">{\"@context\":\"https:\/\/schema.org\",\"@graph\":[{\"@type\":\"WebPage\",\"@id\":\"https:\/\/szokepnyomda.hu\/palyazatok\/\",\"url\":\"https:\/\/szokepnyomda.hu\/palyazatok\/\",\"name\":\"P\u00e1ly\u00e1zatok - Sz\u00f3k\u00e9p Nyomda\",\"isPartOf\":{\"@id\":\"https:\/\/szokepnyomda.hu\/#website\"},\"datePublished\":\"2025-05-06T07:56:06+00:00\",\"dateModified\":\"2025-05-06T09:02:45+00:00\",\"description\":\"A Sz\u00f3-K\u00e9p Nyomdaipari Kft. 51,4 milli\u00f3 forint uni\u00f3s t\u00e1mogat\u00e1s nyert el a Komplex v\u00e1llalati technol\u00f3gia fejleszt\u00e9se p\u00e1ly\u00e1zati ki\u00edr\u00e1son az \u00daj Sz\u00e9chenyi Terv keret\u00e9ben. A 261,4 milli\u00f3 forint \u00f6sszk\u00f6lts\u00e9gvet\u00e9s\u0171 beruh\u00e1z\u00e1sb\u00f3l eszk\u00f6zbeszerz\u00e9s val\u00f3sult meg.\",\"breadcrumb\":{\"@id\":\"https:\/\/szokepnyomda.hu\/palyazatok\/#breadcrumb\"},\"inLanguage\":\"en-GB\",\"potentialAction\":[{\"@type\":\"ReadAction\",\"target\":[\"https:\/\/szokepnyomda.hu\/palyazatok\/\"]}]},{\"@type\":\"BreadcrumbList\",\"@id\":\"https:\/\/szokepnyomda.hu\/palyazatok\/#breadcrumb\",\"itemListElement\":[{\"@type\":\"ListItem\",\"position\":1,\"name\":\"Kezd\u0151lap\",\"item\":\"https:\/\/szokepnyomda.hu\/\"},{\"@type\":\"ListItem\",\"position\":2,\"name\":\"P\u00e1ly\u00e1zatok\"}]},{\"@type\":\"WebSite\",\"@id\":\"https:\/\/szokepnyomda.hu\/#website\",\"url\":\"https:\/\/szokepnyomda.hu\/\",\"name\":\"Sz\u00f3k\u00e9p Nyomda\",\"description\":\"OFSZET \u00c9S DIGIT\u00c1LIS NYOMDA BUDAPEST\",\"potentialAction\":[{\"@type\":\"SearchAction\",\"target\":{\"@type\":\"EntryPoint\",\"urlTemplate\":\"https:\/\/szokepnyomda.hu\/?s={search_term_string}\"},\"query-input\":\"required name=search_term_string\"}],\"inLanguage\":\"en-GB\"}]}<\/script>\n<!-- \/ Yoast SEO plugin. -->","yoast_head_json":{"title":"P\u00e1ly\u00e1zatok - Sz\u00f3k\u00e9p Nyomda","description":"A Sz\u00f3-K\u00e9p Nyomdaipari Kft. 51,4 milli\u00f3 forint uni\u00f3s t\u00e1mogat\u00e1s nyert el a Komplex v\u00e1llalati technol\u00f3gia fejleszt\u00e9se p\u00e1ly\u00e1zati ki\u00edr\u00e1son az \u00daj Sz\u00e9chenyi Terv keret\u00e9ben. A 261,4 milli\u00f3 forint \u00f6sszk\u00f6lts\u00e9gvet\u00e9s\u0171 beruh\u00e1z\u00e1sb\u00f3l eszk\u00f6zbeszerz\u00e9s val\u00f3sult meg.","robots":{"index":"index","follow":"follow","max-snippet":"max-snippet:-1","max-image-preview":"max-image-preview:large","max-video-preview":"max-video-preview:-1"},"canonical":"https:\/\/szokepnyomda.hu\/en\/palyazatok\/","og_locale":"en_GB","og_type":"article","og_title":"P\u00e1ly\u00e1zatok - Sz\u00f3k\u00e9p Nyomda","og_description":"A Sz\u00f3-K\u00e9p Nyomdaipari Kft. 51,4 milli\u00f3 forint uni\u00f3s t\u00e1mogat\u00e1s nyert el a Komplex v\u00e1llalati technol\u00f3gia fejleszt\u00e9se p\u00e1ly\u00e1zati ki\u00edr\u00e1son az \u00daj Sz\u00e9chenyi Terv keret\u00e9ben. A 261,4 milli\u00f3 forint \u00f6sszk\u00f6lts\u00e9gvet\u00e9s\u0171 beruh\u00e1z\u00e1sb\u00f3l eszk\u00f6zbeszerz\u00e9s val\u00f3sult meg.","og_url":"https:\/\/szokepnyomda.hu\/en\/palyazatok\/","og_site_name":"Sz\u00f3k\u00e9p Nyomda","article_modified_time":"2025-05-06T09:02:45+00:00","twitter_card":"summary_large_image","twitter_misc":{"Estimated reading time":"1 minute"},"schema":{"@context":"https:\/\/schema.org","@graph":[{"@type":"WebPage","@id":"https:\/\/szokepnyomda.hu\/palyazatok\/","url":"https:\/\/szokepnyomda.hu\/palyazatok\/","name":"P\u00e1ly\u00e1zatok - Sz\u00f3k\u00e9p Nyomda","isPartOf":{"@id":"https:\/\/szokepnyomda.hu\/#website"},"datePublished":"2025-05-06T07:56:06+00:00","dateModified":"2025-05-06T09:02:45+00:00","description":"A Sz\u00f3-K\u00e9p Nyomdaipari Kft. 51,4 milli\u00f3 forint uni\u00f3s t\u00e1mogat\u00e1s nyert el a Komplex v\u00e1llalati technol\u00f3gia fejleszt\u00e9se p\u00e1ly\u00e1zati ki\u00edr\u00e1son az \u00daj Sz\u00e9chenyi Terv keret\u00e9ben. A 261,4 milli\u00f3 forint \u00f6sszk\u00f6lts\u00e9gvet\u00e9s\u0171 beruh\u00e1z\u00e1sb\u00f3l eszk\u00f6zbeszerz\u00e9s val\u00f3sult meg.","breadcrumb":{"@id":"https:\/\/szokepnyomda.hu\/palyazatok\/#breadcrumb"},"inLanguage":"en-GB","potentialAction":[{"@type":"ReadAction","target":["https:\/\/szokepnyomda.hu\/palyazatok\/"]}]},{"@type":"BreadcrumbList","@id":"https:\/\/szokepnyomda.hu\/palyazatok\/#breadcrumb","itemListElement":[{"@type":"ListItem","position":1,"name":"Kezd\u0151lap","item":"https:\/\/szokepnyomda.hu\/"},{"@type":"ListItem","position":2,"name":"P\u00e1ly\u00e1zatok"}]},{"@type":"WebSite","@id":"https:\/\/szokepnyomda.hu\/#website","url":"https:\/\/szokepnyomda.hu\/","name":"Sz\u00f3k\u00e9p Nyomda","description":"OFSZET \u00c9S DIGIT\u00c1LIS NYOMDA BUDAPEST","potentialAction":[{"@type":"SearchAction","target":{"@type":"EntryPoint","urlTemplate":"https:\/\/szokepnyomda.hu\/?s={search_term_string}"},"query-input":"required name=search_term_string"}],"inLanguage":"en-GB"}]}},"_links":{"self":[{"href":"https:\/\/szokepnyomda.hu\/en\/wp-json\/wp\/v2\/pages\/2368","targetHints":{"allow":["GET"]}}],"collection":[{"href":"https:\/\/szokepnyomda.hu\/en\/wp-json\/wp\/v2\/pages"}],"about":[{"href":"https:\/\/szokepnyomda.hu\/en\/wp-json\/wp\/v2\/types\/page"}],"author":[{"embeddable":true,"href":"https:\/\/szokepnyomda.hu\/en\/wp-json\/wp\/v2\/users\/1"}],"replies":[{"embeddable":true,"href":"https:\/\/szokepnyomda.hu\/en\/wp-json\/wp\/v2\/comments?post=2368"}],"version-history":[{"count":13,"href":"https:\/\/szokepnyomda.hu\/en\/wp-json\/wp\/v2\/pages\/2368\/revisions"}],"predecessor-version":[{"id":2384,"href":"https:\/\/szokepnyomda.hu\/en\/wp-json\/wp\/v2\/pages\/2368\/revisions\/2384"}],"wp:attachment":[{"href":"https:\/\/szokepnyomda.hu\/en\/wp-json\/wp\/v2\/media?parent=2368"}],"curies":[{"name":"wp","href":"https:\/\/api.w.org\/{rel}","templated":true}]}}