{"id":1860,"date":"2021-11-02T10:13:11","date_gmt":"2021-11-02T10:13:11","guid":{"rendered":"https:\/\/szokepnyomda.hu\/?page_id=1860"},"modified":"2021-12-13T10:14:42","modified_gmt":"2021-12-13T10:14:42","slug":"ajanlatkeres","status":"publish","type":"page","link":"https:\/\/szokepnyomda.hu\/en\/ajanlatkeres\/","title":{"rendered":"Request a quote"},"content":{"rendered":"<section class=\"wpb-content-wrapper\"><div class=\"vc_row wpb_row vc_row-fluid\"><div class=\"wpb_column vc_column_container vc_col-sm-12 sc_layouts_column_icons_position_left\"><div class=\"vc_column-inner\"><div class=\"wpb_wrapper\">\n<div class=\"wpcf7 no-js\" id=\"wpcf7-f2203-o1\" lang=\"en-US\" dir=\"ltr\">\n<div class=\"screen-reader-response\"><p role=\"status\" aria-live=\"polite\" aria-atomic=\"true\"><\/p> <ul><\/ul><\/div>\n<form action=\"\/en\/wp-json\/wp\/v2\/pages\/1860#wpcf7-f2203-o1\" method=\"post\" class=\"wpcf7-form init\" aria-label=\"Contact form\" novalidate=\"novalidate\" data-status=\"init\" data-trp-original-action=\"\/en\/wp-json\/wp\/v2\/pages\/1860#wpcf7-f2203-o1\">\n<div style=\"display: none;\">\n<input type=\"hidden\" name=\"_wpcf7\" value=\"2203\" \/>\n<input type=\"hidden\" name=\"_wpcf7_version\" value=\"5.7.7\" \/>\n<input type=\"hidden\" name=\"_wpcf7_locale\" value=\"en_US\" \/>\n<input type=\"hidden\" name=\"_wpcf7_unit_tag\" value=\"wpcf7-f2203-o1\" \/>\n<input type=\"hidden\" name=\"_wpcf7_container_post\" value=\"0\" \/>\n<input type=\"hidden\" name=\"_wpcf7_posted_data_hash\" value=\"\" \/>\n<input type=\"hidden\" name=\"_wpcf7_recaptcha_response\" value=\"\" \/>\n<\/div>\n<div class=\"row\">\n\t<div class=\"col-md-3\">\n\t\t<p><label> N\u00e9v*<br \/>\n<span class=\"wpcf7-form-control-wrap\" data-name=\"your-name\"><input size=\"40\" class=\"wpcf7-form-control wpcf7-text wpcf7-validates-as-required\" aria-required=\"true\" aria-invalid=\"false\" value=\"\" type=\"text\" name=\"your-name\" \/><\/span> <\/label>\n\t\t<\/p>\n\t<\/div>\n\t<div class=\"col-md-3\">\n\t\t<p><label> C\u00e9gn\u00e9v<br \/>\n<span class=\"wpcf7-form-control-wrap\" data-name=\"company-name\"><input size=\"40\" class=\"wpcf7-form-control wpcf7-text\" aria-invalid=\"false\" value=\"\" type=\"text\" name=\"company-name\" \/><\/span> <\/label>\n\t\t<\/p>\n\t<\/div>\n\t<div class=\"col-md-3\">\n\t\t<p><label> E-mail c\u00edm*<br \/>\n<span class=\"wpcf7-form-control-wrap\" data-name=\"your-email\"><input size=\"40\" class=\"wpcf7-form-control wpcf7-text wpcf7-email wpcf7-validates-as-required wpcf7-validates-as-email\" aria-required=\"true\" aria-invalid=\"false\" value=\"\" type=\"email\" name=\"your-email\" \/><\/span> <\/label>\n\t\t<\/p>\n\t<\/div>\n\t<div class=\"col-md-3\">\n\t\t<p><label> Telefonsz\u00e1m*<br \/>\n<span class=\"wpcf7-form-control-wrap\" data-name=\"tel-153\"><input size=\"40\" class=\"wpcf7-form-control wpcf7-text wpcf7-tel wpcf7-validates-as-required wpcf7-validates-as-tel\" aria-required=\"true\" aria-invalid=\"false\" value=\"\" type=\"tel\" name=\"tel-153\" \/><\/span> <\/label>\n\t\t<\/p>\n\t<\/div>\n<\/div>\n<div class=\"row\">\n\t<div class=\"col-md-4\">\n\t\t<p><label>Term\u00e9k megnevez\u00e9se*<\/label><span class=\"wpcf7-form-control-wrap\" data-name=\"Termek\"><select class=\"wpcf7-form-control wpcf7-select wpcf7-validates-as-required\" aria-required=\"true\" aria-invalid=\"false\" name=\"Termek\"><option value=\"\">&#8212;Please choose an option&#8212;<\/option><option value=\"Al\u00e1t\u00e9t\">Al\u00e1t\u00e9t<\/option><option value=\"Asztalis\u00e1tor\">Asztalis\u00e1tor<\/option><option value=\"N\u00e9vjegyk\u00e1rtya\">N\u00e9vjegyk\u00e1rtya<\/option><option value=\"Sz\u00f3r\u00f3lap\">Sz\u00f3r\u00f3lap<\/option><option value=\"Hajtott sz\u00f3r\u00f3lap\/leporell\u00f3\">Hajtott sz\u00f3r\u00f3lap\/leporell\u00f3<\/option><option value=\"Katal\u00f3gus\/prospektus\">Katal\u00f3gus\/prospektus<\/option><option value=\"Plak\u00e1t, poszter\">Plak\u00e1t, poszter<\/option><option value=\"Bor\u00edt\u00e9k\">Bor\u00edt\u00e9k<\/option><option value=\"DM lev\u00e9l\/Megh\u00edv\u00f3\/k\u00e9peslap\/\u00fcdv\u00f6zl\u0151lap\">DM lev\u00e9l\/Megh\u00edv\u00f3\/k\u00e9peslap\/\u00fcdv\u00f6zl\u0151lap<\/option><option value=\"Kuponok\">Kuponok<\/option><option value=\"Kuponf\u00fczet\">Kuponf\u00fczet<\/option><option value=\"Sorsjegy\/nyerem\u00e9nyj\u00e1t\u00e9k\">Sorsjegy\/nyerem\u00e9nyj\u00e1t\u00e9k<\/option><option value=\"Bel\u00e9p\u0151jegy\">Bel\u00e9p\u0151jegy<\/option><option value=\"Matrica\/c\u00edmke\">Matrica\/c\u00edmke<\/option><option value=\"\u00d6n\u00e1t\u00edr\u00f3 nyomtatv\u00e1ny\">\u00d6n\u00e1t\u00edr\u00f3 nyomtatv\u00e1ny<\/option><option value=\"Jegyzett\u00f6mb\">Jegyzett\u00f6mb<\/option><option value=\"Lev\u00e9lpap\u00edr\">Lev\u00e9lpap\u00edr<\/option><option value=\"Mappa, dosszi\u00e9\">Mappa, dosszi\u00e9<\/option><\/select><\/span>\n\t\t<\/p>\n\t<\/div>\n\t<div class=\"col-md-4\">\n\t\t<p><label>M\u00e9ret*<\/label><span class=\"wpcf7-form-control-wrap\" data-name=\"Meret\"><select class=\"wpcf7-form-control wpcf7-select wpcf7-validates-as-required\" aria-required=\"true\" aria-invalid=\"false\" name=\"Meret\"><option value=\"-\">-<\/option><\/select><\/span>\n\t\t<\/p>\n\t<\/div>\n\t<div class=\"col-md-4\">\n\t\t<p><label>Oldalak sz\u00e1ma*<\/label><span class=\"wpcf7-form-control-wrap\" data-name=\"number-951\"><input class=\"wpcf7-form-control wpcf7-number wpcf7-validates-as-required wpcf7-validates-as-number\" min=\"2\" max=\"2000\" step=\"2\" aria-required=\"true\" aria-invalid=\"false\" value=\"\" type=\"number\" name=\"number-951\" \/><\/span>\n\t\t<\/p>\n\t<\/div>\n<\/div>\n<div class=\"row\">\n\t<div class=\"col-md-4\">\n\t\t<p><label>Nyom\u00e1s, sz\u00ednek sz\u00e1ma*<\/label><span class=\"wpcf7-form-control-wrap\" data-name=\"Nyomas\"><select class=\"wpcf7-form-control wpcf7-select wpcf7-validates-as-required\" aria-required=\"true\" aria-invalid=\"false\" name=\"Nyomas\"><option value=\"\">&#8212;Please choose an option&#8212;<\/option><option value=\"4+4 cymk\">4+4 cymk<\/option><option value=\"4+0 cymk\">4+0 cymk<\/option><option value=\"4+1 cymk\/fekete\">4+1 cymk\/fekete<\/option><option value=\"1+1 fekete\">1+1 fekete<\/option><option value=\"1+0 fekete\">1+0 fekete<\/option><option value=\"direkt sz\u00edn\">direkt sz\u00edn<\/option><\/select><\/span>\n\t\t<\/p>\n\t<\/div>\n\t<div class=\"col-md-4\">\n\t\t<p><label>Pap\u00edr<\/label><span class=\"wpcf7-form-control-wrap\" data-name=\"Papir\"><select class=\"wpcf7-form-control wpcf7-select\" aria-invalid=\"false\" name=\"Papir\"><option value=\"-\">-<\/option><\/select><\/span><br \/>\n<span class=\"borito\"><label name=\"borito\">Pap\u00edr (bor\u00edt\u00f3)<\/label><span class=\"wpcf7-form-control-wrap\" data-name=\"Borito\"><select class=\"wpcf7-form-control wpcf7-select\" aria-invalid=\"false\" name=\"Borito\"><option value=\"200g m\u0171nyom\u00f3\">200g m\u0171nyom\u00f3<\/option><option value=\"250g m\u0171nyom\u00f3\">250g m\u0171nyom\u00f3<\/option><option value=\"300g m\u0171nyom\u00f3\">300g m\u0171nyom\u00f3<\/option><option value=\"200g ofszet\">200g ofszet<\/option><option value=\"250g ofszet\">250g ofszet<\/option><option value=\"300g ofszet\">300g ofszet<\/option><option value=\"egy\u00e9b\">egy\u00e9b<\/option><\/select><\/span><\/span>\n\t\t<\/p>\n\t<\/div>\n\t<div class=\"col-md-4\">\n\t\t<p><label>K\u00f6t\u00e9szet<\/label><span class=\"wpcf7-form-control-wrap\" data-name=\"Koteszet\"><select class=\"wpcf7-form-control wpcf7-select\" aria-invalid=\"false\" name=\"Koteszet\"><option value=\"-\">-<\/option><\/select><\/span>\n\t\t<\/p>\n\t<\/div>\n<\/div>\n<div class=\"row\">\n\t<div class=\"col-md-3\">\n\t\t<p><label>Lakkoz\u00e1s<\/label><br \/>\n<span class=\"wpcf7-form-control-wrap\" data-name=\"Feluletkezeles1\"><span class=\"wpcf7-form-control wpcf7-radio\"><span class=\"wpcf7-list-item first\"><label><input type=\"radio\" name=\"Feluletkezeles1\" value=\"Nincs\" checked=\"checked\" \/><span class=\"wpcf7-list-item-label\">Nincs<\/span><\/label><\/span><span class=\"wpcf7-list-item\"><label><input type=\"radio\" name=\"Feluletkezeles1\" value=\"Diszperzi\u00f3s lakk: matt ($)\" \/><span class=\"wpcf7-list-item-label\">Diszperzi\u00f3s lakk: matt ($)<\/span><\/label><\/span><span class=\"wpcf7-list-item\"><label><input type=\"radio\" name=\"Feluletkezeles1\" value=\"Diszperzi\u00f3s lakk: f\u00e9nyes ($)\" \/><span class=\"wpcf7-list-item-label\">Diszperzi\u00f3s lakk: f\u00e9nyes ($)<\/span><\/label><\/span><span class=\"wpcf7-list-item\"><label><input type=\"radio\" name=\"Feluletkezeles1\" value=\"UV lakk: teli fel\u00fclet($$$)\" \/><span class=\"wpcf7-list-item-label\">UV lakk: teli fel\u00fclet($$$)<\/span><\/label><\/span><span class=\"wpcf7-list-item last\"><label><input type=\"radio\" name=\"Feluletkezeles1\" value=\"UV lakk: forma($$$)\" \/><span class=\"wpcf7-list-item-label\">UV lakk: forma($$$)<\/span><\/label><\/span><\/span><\/span>\n\t\t<\/p>\n\t<\/div>\n\t<div class=\"col-md-3\">\n\t\t<p><label>F\u00f3lia<\/label><br \/>\n<span class=\"wpcf7-form-control-wrap\" data-name=\"Feluletkezeles2\"><span class=\"wpcf7-form-control wpcf7-radio\"><span class=\"wpcf7-list-item first\"><label><input type=\"radio\" name=\"Feluletkezeles2\" value=\"Nincs\" checked=\"checked\" \/><span class=\"wpcf7-list-item-label\">Nincs<\/span><\/label><\/span><span class=\"wpcf7-list-item\"><label><input type=\"radio\" name=\"Feluletkezeles2\" value=\"F\u00f3lia: matt ($$)\" \/><span class=\"wpcf7-list-item-label\">F\u00f3lia: matt ($$)<\/span><\/label><\/span><span class=\"wpcf7-list-item\"><label><input type=\"radio\" name=\"Feluletkezeles2\" value=\"F\u00f3lia: f\u00e9nyes ($$)\" \/><span class=\"wpcf7-list-item-label\">F\u00f3lia: f\u00e9nyes ($$)<\/span><\/label><\/span><span class=\"wpcf7-list-item\"><label><input type=\"radio\" name=\"Feluletkezeles2\" value=\"F\u00f3lia: karc\u00e1ll\u00f3 ($$$)\" \/><span class=\"wpcf7-list-item-label\">F\u00f3lia: karc\u00e1ll\u00f3 ($$$)<\/span><\/label><\/span><span class=\"wpcf7-list-item\"><label><input type=\"radio\" name=\"Feluletkezeles2\" value=\"F\u00f3lia: soft-touch ($$$)\" \/><span class=\"wpcf7-list-item-label\">F\u00f3lia: soft-touch ($$$)<\/span><\/label><\/span><span class=\"wpcf7-list-item last\"><label><input type=\"radio\" name=\"Feluletkezeles2\" value=\"F\u00f3lia: struktur\u00e1lt ($$$)\" \/><span class=\"wpcf7-list-item-label\">F\u00f3lia: struktur\u00e1lt ($$$)<\/span><\/label><\/span><\/span><\/span>\n\t\t<\/p>\n\t<\/div>\n\t<div class=\"col-md-3\">\n\t\t<p><label>Tov\u00e1bbi fel\u00fcletkezel\u00e9si lehet\u0151s\u00e9gek<\/label><br \/>\n<span class=\"wpcf7-form-control-wrap\" data-name=\"checkbox-530\"><span class=\"wpcf7-form-control wpcf7-checkbox\"><span class=\"wpcf7-list-item first\"><label><input type=\"checkbox\" name=\"checkbox-530[]\" value=\"Vakdombor nyom\u00e1s ($$$)\" \/><span class=\"wpcf7-list-item-label\">Vakdombor nyom\u00e1s ($$$)<\/span><\/label><\/span><span class=\"wpcf7-list-item last\"><label><input type=\"checkbox\" name=\"checkbox-530[]\" value=\"Pr\u00e9gel\u00e9s\/f\u00e9mf\u00f3lia ($$$)\" \/><span class=\"wpcf7-list-item-label\">Pr\u00e9gel\u00e9s\/f\u00e9mf\u00f3lia ($$$)<\/span><\/label><\/span><\/span><\/span>\n\t\t<\/p>\n\t<\/div>\n<\/div>\n<div class=\"row\">\n\t<div class=\"col-md-12\">\n\t\t<p><label> P\u00e9ld\u00e1nysz\u00e1m (t\u00f6bb mennyis\u00e9g eset\u00e9n k\u00e9rj\u00fck vessz\u0151vel \u00edrja, pl. 500, 1000, 2000)<br \/>\n<span class=\"wpcf7-form-control-wrap\" data-name=\"peldanyszam\"><input size=\"40\" class=\"wpcf7-form-control wpcf7-text\" aria-invalid=\"false\" value=\"\" type=\"text\" name=\"peldanyszam\" \/><\/span><\/label><br \/>\n<label> Megjegyz\u00e9s <\/label><br \/>\n<span class=\"wpcf7-form-control-wrap\" data-name=\"your-message\"><textarea cols=\"40\" rows=\"10\" class=\"wpcf7-form-control wpcf7-textarea\" aria-invalid=\"false\" name=\"your-message\"><\/textarea><\/span>\n\t\t<\/p>\n\t<\/div>\n<\/div>\n<p><input class=\"wpcf7-form-control has-spinner wpcf7-submit\" type=\"submit\" value=\"\u00c1raj\u00e1nlatk\u00e9r\u00e9s k\u00fcld\u00e9se\" \/><br \/>\n\n<\/p><div class=\"wpcf7-response-output\" aria-hidden=\"true\"><\/div>\n<input type=\"hidden\" name=\"trp-form-language\" value=\"en\"\/><\/form>\n<\/div>\n<\/div><\/div><\/div><\/div>\n<\/section>","protected":false},"excerpt":{"rendered":"N\u00e9v* C\u00e9gn\u00e9v E-mail c\u00edm* Telefonsz\u00e1m* Term\u00e9k megnevez\u00e9se*&#8212;Please choose an option&#8212;Al\u00e1t\u00e9tAsztalis\u00e1torN\u00e9vjegyk\u00e1rtyaSz\u00f3r\u00f3lapHajtott sz\u00f3r\u00f3lap\/leporell\u00f3Katal\u00f3gus\/prospektusPlak\u00e1t, poszterBor\u00edt\u00e9kDM lev\u00e9l\/Megh\u00edv\u00f3\/k\u00e9peslap\/\u00fcdv\u00f6zl\u0151lapKuponokKuponf\u00fczetSorsjegy\/nyerem\u00e9nyj\u00e1t\u00e9kBel\u00e9p\u0151jegyMatrica\/c\u00edmke\u00d6n\u00e1t\u00edr\u00f3 nyomtatv\u00e1nyJegyzett\u00f6mbLev\u00e9lpap\u00edrMappa, dosszi\u00e9 M\u00e9ret*- Oldalak sz\u00e1ma* Nyom\u00e1s, sz\u00ednek sz\u00e1ma*&#8212;Please choose an option&#8212;4+4 cymk4+0 cymk4+1 cymk\/fekete1+1 fekete1+0 feketedirekt sz\u00edn Pap\u00edr- Pap\u00edr (bor\u00edt\u00f3)200g m\u0171nyom\u00f3250g m\u0171nyom\u00f3300g m\u0171nyom\u00f3200g ofszet250g ofszet300g ofszetegy\u00e9b K\u00f6t\u00e9szet- Lakkoz\u00e1s NincsDiszperzi\u00f3s lakk: matt ($)Diszperzi\u00f3s lakk: f\u00e9nyes ($)UV lakk: teli fel\u00fclet($$$)UV lakk: forma($$$) F\u00f3lia NincsF\u00f3lia: matt ($$)F\u00f3lia: f\u00e9nyes ($$)F\u00f3lia: karc\u00e1ll\u00f3&hellip;","protected":false},"author":1,"featured_media":0,"parent":0,"menu_order":0,"comment_status":"closed","ping_status":"closed","template":"","meta":{"footnotes":""},"class_list":["post-1860","page","type-page","status-publish","hentry"],"yoast_head":"<!-- This site is optimized with the Yoast SEO plugin v20.10 - https:\/\/yoast.com\/wordpress\/plugins\/seo\/ -->\n<title>Aj\u00e1nlatk\u00e9r\u00e9s - Sz\u00f3k\u00e9p Nyomda<\/title>\n<meta name=\"robots\" content=\"index, follow, max-snippet:-1, max-image-preview:large, max-video-preview:-1\" \/>\n<link rel=\"canonical\" href=\"https:\/\/szokepnyomda.hu\/en\/ajanlatkeres\/\" \/>\n<meta property=\"og:locale\" content=\"en_GB\" \/>\n<meta property=\"og:type\" content=\"article\" \/>\n<meta property=\"og:title\" content=\"Aj\u00e1nlatk\u00e9r\u00e9s - Sz\u00f3k\u00e9p Nyomda\" \/>\n<meta property=\"og:url\" content=\"https:\/\/szokepnyomda.hu\/en\/ajanlatkeres\/\" \/>\n<meta property=\"og:site_name\" content=\"Sz\u00f3k\u00e9p Nyomda\" \/>\n<meta property=\"article:modified_time\" content=\"2021-12-13T10:14:42+00:00\" \/>\n<meta name=\"twitter:card\" content=\"summary_large_image\" \/>\n<script type=\"application\/ld+json\" class=\"yoast-schema-graph\">{\"@context\":\"https:\/\/schema.org\",\"@graph\":[{\"@type\":\"WebPage\",\"@id\":\"https:\/\/szokepnyomda.hu\/ajanlatkeres\/\",\"url\":\"https:\/\/szokepnyomda.hu\/ajanlatkeres\/\",\"name\":\"Aj\u00e1nlatk\u00e9r\u00e9s - Sz\u00f3k\u00e9p Nyomda\",\"isPartOf\":{\"@id\":\"https:\/\/szokepnyomda.hu\/#website\"},\"datePublished\":\"2021-11-02T10:13:11+00:00\",\"dateModified\":\"2021-12-13T10:14:42+00:00\",\"breadcrumb\":{\"@id\":\"https:\/\/szokepnyomda.hu\/ajanlatkeres\/#breadcrumb\"},\"inLanguage\":\"en-GB\",\"potentialAction\":[{\"@type\":\"ReadAction\",\"target\":[\"https:\/\/szokepnyomda.hu\/ajanlatkeres\/\"]}]},{\"@type\":\"BreadcrumbList\",\"@id\":\"https:\/\/szokepnyomda.hu\/ajanlatkeres\/#breadcrumb\",\"itemListElement\":[{\"@type\":\"ListItem\",\"position\":1,\"name\":\"Kezd\u0151lap\",\"item\":\"https:\/\/szokepnyomda.hu\/\"},{\"@type\":\"ListItem\",\"position\":2,\"name\":\"Aj\u00e1nlatk\u00e9r\u00e9s\"}]},{\"@type\":\"WebSite\",\"@id\":\"https:\/\/szokepnyomda.hu\/#website\",\"url\":\"https:\/\/szokepnyomda.hu\/\",\"name\":\"Sz\u00f3k\u00e9p Nyomda\",\"description\":\"OFSZET \u00c9S DIGIT\u00c1LIS NYOMDA BUDAPEST\",\"potentialAction\":[{\"@type\":\"SearchAction\",\"target\":{\"@type\":\"EntryPoint\",\"urlTemplate\":\"https:\/\/szokepnyomda.hu\/?s={search_term_string}\"},\"query-input\":\"required name=search_term_string\"}],\"inLanguage\":\"en-GB\"}]}<\/script>\n<!-- \/ Yoast SEO plugin. -->","yoast_head_json":{"title":"Aj\u00e1nlatk\u00e9r\u00e9s - Sz\u00f3k\u00e9p Nyomda","robots":{"index":"index","follow":"follow","max-snippet":"max-snippet:-1","max-image-preview":"max-image-preview:large","max-video-preview":"max-video-preview:-1"},"canonical":"https:\/\/szokepnyomda.hu\/en\/ajanlatkeres\/","og_locale":"en_GB","og_type":"article","og_title":"Aj\u00e1nlatk\u00e9r\u00e9s - Sz\u00f3k\u00e9p Nyomda","og_url":"https:\/\/szokepnyomda.hu\/en\/ajanlatkeres\/","og_site_name":"Sz\u00f3k\u00e9p Nyomda","article_modified_time":"2021-12-13T10:14:42+00:00","twitter_card":"summary_large_image","schema":{"@context":"https:\/\/schema.org","@graph":[{"@type":"WebPage","@id":"https:\/\/szokepnyomda.hu\/ajanlatkeres\/","url":"https:\/\/szokepnyomda.hu\/ajanlatkeres\/","name":"Aj\u00e1nlatk\u00e9r\u00e9s - Sz\u00f3k\u00e9p Nyomda","isPartOf":{"@id":"https:\/\/szokepnyomda.hu\/#website"},"datePublished":"2021-11-02T10:13:11+00:00","dateModified":"2021-12-13T10:14:42+00:00","breadcrumb":{"@id":"https:\/\/szokepnyomda.hu\/ajanlatkeres\/#breadcrumb"},"inLanguage":"en-GB","potentialAction":[{"@type":"ReadAction","target":["https:\/\/szokepnyomda.hu\/ajanlatkeres\/"]}]},{"@type":"BreadcrumbList","@id":"https:\/\/szokepnyomda.hu\/ajanlatkeres\/#breadcrumb","itemListElement":[{"@type":"ListItem","position":1,"name":"Kezd\u0151lap","item":"https:\/\/szokepnyomda.hu\/"},{"@type":"ListItem","position":2,"name":"Aj\u00e1nlatk\u00e9r\u00e9s"}]},{"@type":"WebSite","@id":"https:\/\/szokepnyomda.hu\/#website","url":"https:\/\/szokepnyomda.hu\/","name":"Sz\u00f3k\u00e9p Nyomda","description":"OFSZET \u00c9S DIGIT\u00c1LIS NYOMDA BUDAPEST","potentialAction":[{"@type":"SearchAction","target":{"@type":"EntryPoint","urlTemplate":"https:\/\/szokepnyomda.hu\/?s={search_term_string}"},"query-input":"required name=search_term_string"}],"inLanguage":"en-GB"}]}},"_links":{"self":[{"href":"https:\/\/szokepnyomda.hu\/en\/wp-json\/wp\/v2\/pages\/1860","targetHints":{"allow":["GET"]}}],"collection":[{"href":"https:\/\/szokepnyomda.hu\/en\/wp-json\/wp\/v2\/pages"}],"about":[{"href":"https:\/\/szokepnyomda.hu\/en\/wp-json\/wp\/v2\/types\/page"}],"author":[{"embeddable":true,"href":"https:\/\/szokepnyomda.hu\/en\/wp-json\/wp\/v2\/users\/1"}],"replies":[{"embeddable":true,"href":"https:\/\/szokepnyomda.hu\/en\/wp-json\/wp\/v2\/comments?post=1860"}],"version-history":[{"count":2,"href":"https:\/\/szokepnyomda.hu\/en\/wp-json\/wp\/v2\/pages\/1860\/revisions"}],"predecessor-version":[{"id":2204,"href":"https:\/\/szokepnyomda.hu\/en\/wp-json\/wp\/v2\/pages\/1860\/revisions\/2204"}],"wp:attachment":[{"href":"https:\/\/szokepnyomda.hu\/en\/wp-json\/wp\/v2\/media?parent=1860"}],"curies":[{"name":"wp","href":"https:\/\/api.w.org\/{rel}","templated":true}]}}