{"id":1370,"date":"2021-09-14T09:21:55","date_gmt":"2021-09-14T09:21:55","guid":{"rendered":"https:\/\/szokepnyomda.hu\/?page_id=1370"},"modified":"2023-07-11T18:11:29","modified_gmt":"2023-07-11T16:11:29","slug":"cegfilozofia","status":"publish","type":"page","link":"https:\/\/szokepnyomda.hu\/en\/cegfilozofia\/","title":{"rendered":"Philosophy"},"content":{"rendered":"<section class=\"wpb-content-wrapper\"><div data-vc-full-width=\"true\" data-vc-full-width-init=\"false\" class=\"vc_row wpb_row vc_row-fluid vc_custom_1631611191435 vc_row-has-fill\"><div class=\"wpb_column vc_column_container vc_col-sm-12 sc_layouts_column_icons_position_left\"><div class=\"vc_column-inner\"><div class=\"wpb_wrapper\"><div class=\"vc_empty_space\"   style=\"height: 6.3em\"><span class=\"vc_empty_space_inner\"><\/span><\/div><div class=\"vc_row wpb_row vc_inner vc_row-fluid vc_row-o-content-middle vc_row-flex\"><div class=\"wpb_column vc_column_container vc_col-sm-12 vc_col-lg-6 vc_col-md-6 sc_layouts_column_icons_position_left\"><div class=\"vc_column-inner\"><div class=\"wpb_wrapper\">\n\t<div  class=\"wpb_single_image wpb_content_element vc_align_center\">\n\t\t\n\t\t<figure class=\"wpb_wrapper vc_figure\">\n\t\t\t<div class=\"vc_single_image-wrapper   vc_box_border_grey\"><img decoding=\"async\" width=\"920\" height=\"566\" src=\"https:\/\/szokepnyomda.hu\/wp-content\/uploads\/2021\/09\/ceg-filozofia.jpg\" class=\"vc_single_image-img attachment-full\" alt=\"Sz\u00f3-k\u00e9p Nyomdaipari Kft.\" title=\"ceg-filozofia\" srcset=\"https:\/\/szokepnyomda.hu\/wp-content\/uploads\/2021\/09\/ceg-filozofia.jpg 920w, https:\/\/szokepnyomda.hu\/wp-content\/uploads\/2021\/09\/ceg-filozofia-300x185.jpg 300w, https:\/\/szokepnyomda.hu\/wp-content\/uploads\/2021\/09\/ceg-filozofia-768x472.jpg 768w, https:\/\/szokepnyomda.hu\/wp-content\/uploads\/2021\/09\/ceg-filozofia-18x12.jpg 18w, https:\/\/szokepnyomda.hu\/wp-content\/uploads\/2021\/09\/ceg-filozofia-370x228.jpg 370w, https:\/\/szokepnyomda.hu\/wp-content\/uploads\/2021\/09\/ceg-filozofia-770x474.jpg 770w, https:\/\/szokepnyomda.hu\/wp-content\/uploads\/2021\/09\/ceg-filozofia-20x12.jpg 20w\" sizes=\"(max-width: 920px) 100vw, 920px\" \/><\/div>\n\t\t<\/figure>\n\t<\/div>\n<\/div><\/div><\/div><div class=\"wpb_column vc_column_container vc_col-sm-12 vc_col-lg-6 vc_col-md-6 sc_layouts_column_icons_position_left\"><div class=\"vc_column-inner\"><div class=\"wpb_wrapper\">\n\t<div class=\"wpb_text_column wpb_content_element\" >\n\t\t<div class=\"wpb_wrapper\">\n\t\t\t<p>Nothing shows our commitment and tradition preservation better than the fact that three generations participate in the company's daily work. In addition to preserving family values, we set ourselves the goal of continuous development.<\/p>\n<p class=\" translation-block\">We strive to completely satisfy our customers and to find solutions to everything by being flexible. We provide sound pricing, exact keeping of deadlines and impeccable quality for our customers. Moreover, we believe that knowledge and hard-working nature is essential, as this is what creates value for the customer.<\/p>\n\n\t\t<\/div>\n\t<\/div>\n<\/div><\/div><\/div><\/div><div class=\"vc_empty_space\"   style=\"height: 1em\"><span class=\"vc_empty_space_inner\"><\/span><\/div>\n\t<div class=\"wpb_text_column wpb_content_element\" >\n\t\t<div class=\"wpb_wrapper\">\n\t\t\t<p class=\" translation-block\">The success requires more than good leadership; therefore we are carefully selecting our colleagues whom we can count on and trust. We purposely plan our machine upgrades and continuously renew our machine pool to meet customer requirements. Our partner service companies are responsible to regularly maintain and repair our machinery in order to ensure the flawless continuation of our job.<\/p>\n<p class=\" translation-block\">Our company\u2019s philosophy is reflected in our Quality and Environmental Protection statement.<\/p>\n\n\t\t<\/div>\n\t<\/div>\n<div class=\"vc_empty_space\"   style=\"height: 6.3em\"><span class=\"vc_empty_space_inner\"><\/span><\/div><\/div><\/div><\/div><\/div><div class=\"vc_row-full-width vc_clearfix\"><\/div>\n<\/section>","protected":false},"excerpt":{"rendered":"A Sz\u00f3-K\u00e9p Nyomdaipari Kft. elk\u00f6telezetts\u00e9g\u00e9t \u00e9s hagyom\u00e1ny\u0151rz\u00e9s\u00e9t mi sem mutatja meg jobban, hogy h\u00e1rom gener\u00e1ci\u00f3 vesz r\u00e9szt a c\u00e9g mindennapi munk\u00e1j\u00e1ban. A csal\u00e1di \u00e9rt\u00e9kek meg\u0151rz\u00e9se mellett a folyamatos fejl\u0151d\u00e9st t\u0171zt\u00fck ki c\u00e9lul. T\u00f6reksz\u00fcnk az \u00fcgyfeleink szakmai elv\u00e1r\u00e1sainak rugalmasan megfelelni, a felmer\u00fcl\u0151 probl\u00e9m\u00e1kra megold\u00e1st tal\u00e1lni.\u00a0Korrekt \u00e1rk\u00e9pz\u00e9ssel, hat\u00e1rid\u0151k pontos betart\u00e1s\u00e1val,\u00a0kifog\u00e1stalan min\u0151s\u00e9ggel\u00a0k\u00edv\u00e1nunk eleget tenni \u00fcgyfeleink k\u00edv\u00e1ns\u00e1gainak. Hisz\u00fcnk abban, hogy ehhez elengedhetetlen a szakmai&hellip;","protected":false},"author":1,"featured_media":0,"parent":0,"menu_order":0,"comment_status":"closed","ping_status":"closed","template":"","meta":{"footnotes":""},"class_list":["post-1370","page","type-page","status-publish","hentry"],"yoast_head":"<!-- This site is optimized with the Yoast SEO plugin v20.10 - https:\/\/yoast.com\/wordpress\/plugins\/seo\/ -->\n<title>C\u00e9gfiloz\u00f3fia - Sz\u00f3k\u00e9p Nyomda<\/title>\n<meta name=\"description\" content=\"T\u00f6reksz\u00fcnk az \u00fcgyfeleink szakmai elv\u00e1r\u00e1sainak rugalmasan megfelelni, a felmer\u00fcl\u0151 probl\u00e9m\u00e1kra megold\u00e1st tal\u00e1lni. Korrekt \u00e1rk\u00e9pz\u00e9ssel, hat\u00e1rid\u0151k pontos betart\u00e1s\u00e1val, kifog\u00e1stalan min\u0151s\u00e9ggel k\u00edv\u00e1nunk eleget tenni \u00fcgyfeleink k\u00edv\u00e1ns\u00e1gainak.\" \/>\n<meta name=\"robots\" content=\"index, follow, max-snippet:-1, max-image-preview:large, max-video-preview:-1\" \/>\n<link rel=\"canonical\" href=\"https:\/\/szokepnyomda.hu\/en\/cegfilozofia\/\" \/>\n<meta property=\"og:locale\" content=\"en_GB\" \/>\n<meta property=\"og:type\" content=\"article\" \/>\n<meta property=\"og:title\" content=\"C\u00e9gfiloz\u00f3fia - Sz\u00f3k\u00e9p Nyomda\" \/>\n<meta property=\"og:description\" content=\"T\u00f6reksz\u00fcnk az \u00fcgyfeleink szakmai elv\u00e1r\u00e1sainak rugalmasan megfelelni, a felmer\u00fcl\u0151 probl\u00e9m\u00e1kra megold\u00e1st tal\u00e1lni. Korrekt \u00e1rk\u00e9pz\u00e9ssel, hat\u00e1rid\u0151k pontos betart\u00e1s\u00e1val, kifog\u00e1stalan min\u0151s\u00e9ggel k\u00edv\u00e1nunk eleget tenni \u00fcgyfeleink k\u00edv\u00e1ns\u00e1gainak.\" \/>\n<meta property=\"og:url\" content=\"https:\/\/szokepnyomda.hu\/en\/cegfilozofia\/\" \/>\n<meta property=\"og:site_name\" content=\"Sz\u00f3k\u00e9p Nyomda\" \/>\n<meta property=\"article:modified_time\" content=\"2023-07-11T16:11:29+00:00\" \/>\n<meta name=\"twitter:card\" content=\"summary_large_image\" \/>\n<meta name=\"twitter:label1\" content=\"Estimated reading time\" \/>\n\t<meta name=\"twitter:data1\" content=\"1 minute\" \/>\n<script type=\"application\/ld+json\" class=\"yoast-schema-graph\">{\"@context\":\"https:\/\/schema.org\",\"@graph\":[{\"@type\":\"WebPage\",\"@id\":\"https:\/\/szokepnyomda.hu\/cegfilozofia\/\",\"url\":\"https:\/\/szokepnyomda.hu\/cegfilozofia\/\",\"name\":\"C\u00e9gfiloz\u00f3fia - Sz\u00f3k\u00e9p Nyomda\",\"isPartOf\":{\"@id\":\"https:\/\/szokepnyomda.hu\/#website\"},\"datePublished\":\"2021-09-14T09:21:55+00:00\",\"dateModified\":\"2023-07-11T16:11:29+00:00\",\"description\":\"T\u00f6reksz\u00fcnk az \u00fcgyfeleink szakmai elv\u00e1r\u00e1sainak rugalmasan megfelelni, a felmer\u00fcl\u0151 probl\u00e9m\u00e1kra megold\u00e1st tal\u00e1lni. Korrekt \u00e1rk\u00e9pz\u00e9ssel, hat\u00e1rid\u0151k pontos betart\u00e1s\u00e1val, kifog\u00e1stalan min\u0151s\u00e9ggel k\u00edv\u00e1nunk eleget tenni \u00fcgyfeleink k\u00edv\u00e1ns\u00e1gainak.\",\"breadcrumb\":{\"@id\":\"https:\/\/szokepnyomda.hu\/cegfilozofia\/#breadcrumb\"},\"inLanguage\":\"en-GB\",\"potentialAction\":[{\"@type\":\"ReadAction\",\"target\":[\"https:\/\/szokepnyomda.hu\/cegfilozofia\/\"]}]},{\"@type\":\"BreadcrumbList\",\"@id\":\"https:\/\/szokepnyomda.hu\/cegfilozofia\/#breadcrumb\",\"itemListElement\":[{\"@type\":\"ListItem\",\"position\":1,\"name\":\"Kezd\u0151lap\",\"item\":\"https:\/\/szokepnyomda.hu\/\"},{\"@type\":\"ListItem\",\"position\":2,\"name\":\"C\u00e9gfiloz\u00f3fia\"}]},{\"@type\":\"WebSite\",\"@id\":\"https:\/\/szokepnyomda.hu\/#website\",\"url\":\"https:\/\/szokepnyomda.hu\/\",\"name\":\"Sz\u00f3k\u00e9p Nyomda\",\"description\":\"OFSZET \u00c9S DIGIT\u00c1LIS NYOMDA BUDAPEST\",\"potentialAction\":[{\"@type\":\"SearchAction\",\"target\":{\"@type\":\"EntryPoint\",\"urlTemplate\":\"https:\/\/szokepnyomda.hu\/?s={search_term_string}\"},\"query-input\":\"required name=search_term_string\"}],\"inLanguage\":\"en-GB\"}]}<\/script>\n<!-- \/ Yoast SEO plugin. -->","yoast_head_json":{"title":"C\u00e9gfiloz\u00f3fia - Sz\u00f3k\u00e9p Nyomda","description":"T\u00f6reksz\u00fcnk az \u00fcgyfeleink szakmai elv\u00e1r\u00e1sainak rugalmasan megfelelni, a felmer\u00fcl\u0151 probl\u00e9m\u00e1kra megold\u00e1st tal\u00e1lni. Korrekt \u00e1rk\u00e9pz\u00e9ssel, hat\u00e1rid\u0151k pontos betart\u00e1s\u00e1val, kifog\u00e1stalan min\u0151s\u00e9ggel k\u00edv\u00e1nunk eleget tenni \u00fcgyfeleink k\u00edv\u00e1ns\u00e1gainak.","robots":{"index":"index","follow":"follow","max-snippet":"max-snippet:-1","max-image-preview":"max-image-preview:large","max-video-preview":"max-video-preview:-1"},"canonical":"https:\/\/szokepnyomda.hu\/en\/cegfilozofia\/","og_locale":"en_GB","og_type":"article","og_title":"C\u00e9gfiloz\u00f3fia - Sz\u00f3k\u00e9p Nyomda","og_description":"T\u00f6reksz\u00fcnk az \u00fcgyfeleink szakmai elv\u00e1r\u00e1sainak rugalmasan megfelelni, a felmer\u00fcl\u0151 probl\u00e9m\u00e1kra megold\u00e1st tal\u00e1lni. Korrekt \u00e1rk\u00e9pz\u00e9ssel, hat\u00e1rid\u0151k pontos betart\u00e1s\u00e1val, kifog\u00e1stalan min\u0151s\u00e9ggel k\u00edv\u00e1nunk eleget tenni \u00fcgyfeleink k\u00edv\u00e1ns\u00e1gainak.","og_url":"https:\/\/szokepnyomda.hu\/en\/cegfilozofia\/","og_site_name":"Sz\u00f3k\u00e9p Nyomda","article_modified_time":"2023-07-11T16:11:29+00:00","twitter_card":"summary_large_image","twitter_misc":{"Estimated reading time":"1 minute"},"schema":{"@context":"https:\/\/schema.org","@graph":[{"@type":"WebPage","@id":"https:\/\/szokepnyomda.hu\/cegfilozofia\/","url":"https:\/\/szokepnyomda.hu\/cegfilozofia\/","name":"C\u00e9gfiloz\u00f3fia - Sz\u00f3k\u00e9p Nyomda","isPartOf":{"@id":"https:\/\/szokepnyomda.hu\/#website"},"datePublished":"2021-09-14T09:21:55+00:00","dateModified":"2023-07-11T16:11:29+00:00","description":"T\u00f6reksz\u00fcnk az \u00fcgyfeleink szakmai elv\u00e1r\u00e1sainak rugalmasan megfelelni, a felmer\u00fcl\u0151 probl\u00e9m\u00e1kra megold\u00e1st tal\u00e1lni. Korrekt \u00e1rk\u00e9pz\u00e9ssel, hat\u00e1rid\u0151k pontos betart\u00e1s\u00e1val, kifog\u00e1stalan min\u0151s\u00e9ggel k\u00edv\u00e1nunk eleget tenni \u00fcgyfeleink k\u00edv\u00e1ns\u00e1gainak.","breadcrumb":{"@id":"https:\/\/szokepnyomda.hu\/cegfilozofia\/#breadcrumb"},"inLanguage":"en-GB","potentialAction":[{"@type":"ReadAction","target":["https:\/\/szokepnyomda.hu\/cegfilozofia\/"]}]},{"@type":"BreadcrumbList","@id":"https:\/\/szokepnyomda.hu\/cegfilozofia\/#breadcrumb","itemListElement":[{"@type":"ListItem","position":1,"name":"Kezd\u0151lap","item":"https:\/\/szokepnyomda.hu\/"},{"@type":"ListItem","position":2,"name":"C\u00e9gfiloz\u00f3fia"}]},{"@type":"WebSite","@id":"https:\/\/szokepnyomda.hu\/#website","url":"https:\/\/szokepnyomda.hu\/","name":"Sz\u00f3k\u00e9p Nyomda","description":"OFSZET \u00c9S DIGIT\u00c1LIS NYOMDA BUDAPEST","potentialAction":[{"@type":"SearchAction","target":{"@type":"EntryPoint","urlTemplate":"https:\/\/szokepnyomda.hu\/?s={search_term_string}"},"query-input":"required name=search_term_string"}],"inLanguage":"en-GB"}]}},"_links":{"self":[{"href":"https:\/\/szokepnyomda.hu\/en\/wp-json\/wp\/v2\/pages\/1370","targetHints":{"allow":["GET"]}}],"collection":[{"href":"https:\/\/szokepnyomda.hu\/en\/wp-json\/wp\/v2\/pages"}],"about":[{"href":"https:\/\/szokepnyomda.hu\/en\/wp-json\/wp\/v2\/types\/page"}],"author":[{"embeddable":true,"href":"https:\/\/szokepnyomda.hu\/en\/wp-json\/wp\/v2\/users\/1"}],"replies":[{"embeddable":true,"href":"https:\/\/szokepnyomda.hu\/en\/wp-json\/wp\/v2\/comments?post=1370"}],"version-history":[{"count":12,"href":"https:\/\/szokepnyomda.hu\/en\/wp-json\/wp\/v2\/pages\/1370\/revisions"}],"predecessor-version":[{"id":2356,"href":"https:\/\/szokepnyomda.hu\/en\/wp-json\/wp\/v2\/pages\/1370\/revisions\/2356"}],"wp:attachment":[{"href":"https:\/\/szokepnyomda.hu\/en\/wp-json\/wp\/v2\/media?parent=1370"}],"curies":[{"name":"wp","href":"https:\/\/api.w.org\/{rel}","templated":true}]}}